{"id":976,"date":"2021-06-06T20:59:18","date_gmt":"2021-06-06T17:59:18","guid":{"rendered":"https:\/\/politekssunideri.com.tr\/en\/?page_id=976"},"modified":"2021-07-08T11:19:25","modified_gmt":"2021-07-08T08:19:25","slug":"lpdp","status":"publish","type":"page","link":"https:\/\/politekssunideri.com.tr\/en\/lpdp\/","title":{"rendered":"LPDP"},"content":{"rendered":"\t\t<div data-elementor-type=\"wp-page\" data-elementor-id=\"976\" class=\"elementor elementor-976\" data-elementor-settings=\"[]\">\n\t\t\t\t\t\t\t<div class=\"elementor-section-wrap\">\n\t\t\t\t\t\t\t<section class=\"elementor-section elementor-top-section elementor-element elementor-element-991d066 elementor-section-boxed elementor-section-height-default elementor-section-height-default\" data-id=\"991d066\" data-element_type=\"section\">\n\t\t\t\t\t\t<div class=\"elementor-container elementor-column-gap-default\">\n\t\t\t\t\t<div class=\"elementor-column elementor-col-100 elementor-top-column elementor-element elementor-element-fd7710b\" data-id=\"fd7710b\" data-element_type=\"column\">\n\t\t\t<div class=\"elementor-widget-wrap elementor-element-populated\">\n\t\t\t\t\t\t\t\t<div class=\"elementor-element elementor-element-6bb5541 elementor-widget elementor-widget-heading\" data-id=\"6bb5541\" data-element_type=\"widget\" data-widget_type=\"heading.default\">\n\t\t\t\t<div class=\"elementor-widget-container\">\n\t\t\t<h2 class=\"elementor-heading-title elementor-size-medium\">Politeks Artificial Leather<\/h2>\t\t<\/div>\n\t\t\t\t<\/div>\n\t\t\t\t\t<\/div>\n\t\t<\/div>\n\t\t\t\t\t\t\t<\/div>\n\t\t<\/section>\n\t\t\t\t<section class=\"elementor-section elementor-top-section elementor-element elementor-element-dbb0a39 elementor-section-boxed elementor-section-height-default elementor-section-height-default\" data-id=\"dbb0a39\" data-element_type=\"section\">\n\t\t\t\t\t\t<div class=\"elementor-container elementor-column-gap-default\">\n\t\t\t\t\t<div class=\"elementor-column elementor-col-100 elementor-top-column elementor-element elementor-element-3433bd3\" data-id=\"3433bd3\" data-element_type=\"column\">\n\t\t\t<div class=\"elementor-widget-wrap elementor-element-populated\">\n\t\t\t\t\t\t\t\t<div class=\"elementor-element elementor-element-4ed0e14 elementor-widget elementor-widget-text-editor\" data-id=\"4ed0e14\" data-element_type=\"widget\" data-widget_type=\"text-editor.default\">\n\t\t\t\t<div class=\"elementor-widget-container\">\n\t\t\t\t\t\t\t\t<h4>LIGHTING TEXT<\/h4><h5><strong>\u00a0<\/strong><\/h5><h5>As a \u201cCompany\u201d, we present the disclosure text, which we have prepared in accordance with Article 10 of the Law on the Protection of Personal Data No. 6698 \u201cLaw\u201d and which contains information about the personal data processing activities of the company, to the public and relevant persons;<\/h5><h4>Article 1: DATA RESPONSIBLE<\/h4><h6><strong>\u00a0<\/strong><\/h6><h5>Your personal data, in the capacity of data controller POLITEKS . may be processed within the scope described below. What should be understood from the concept of data controller; is the natural or legal person who determines the purposes and means of processing personal data and is responsible for the establishment and management of the data recording system.<\/h5><h5>You can use the following channels to contact the data controller:<\/h5><h6>Adress\u00a0 \u00a0 \u00a0 \u00a0 \u00a0 \u00a0 \u00a0 \u00a0:Osmaniye Organize Sanayi B\u00f6lgesi Fuat Tosyal\u0131 Caddesi No:18 Toprakkale\/Osmaniye<\/h6><h6>Phone\u00a0 \u00a0 \u00a0 \u00a0 \u00a0 \u00a0 : +90 (328) 826 82 16 \u2013 17 \u2013 18<\/h6><h6>E-Mail\u00a0 \u00a0 \u00a0 \u00a0 \u00a0 \u00a0 : info@politekssunideri.com.tr<\/h6><h6>Web Site\u00a0 \u00a0: www.politekssunideri.com.tr<\/h6><h4>ARTICLE 2: PURPOSE OF PROCESSING PERSONAL DATA<\/h4><h5><strong><br \/><\/strong>Ki\u015fisel veriler taraf\u0131m\u0131zca a\u015fa\u011f\u0131daki ama\u00e7larla i\u015flenmektedir:<\/h5><ul><li><h6>Personal data is processed by us for the following purposes<\/h6><\/li><li><h6>Managing human resources processes<\/h6><\/li><li><h6>Providing corporate communication<\/h6><\/li><li><h6>Ensuring company security<\/h6><\/li><li><h6>To be able to do statistical studies<\/h6><\/li><li><h6>To be able to perform work and transactions as a result of signed contracts and protocols<\/h6><\/li><li><h6>Ensuring the fulfillment of legal obligations as required or mandated by legal regulations<\/h6><\/li><li><h6>Making legal reports<\/h6><\/li><li><h6>Managing call center processes<\/h6><\/li><li><h6>To fulfill the burden of proof as evidence in legal disputes that may arise in the future<\/h6><\/li><li><h6>Execution \/ follow-up of company legal affairs<\/h6><\/li><\/ul><h5>\u00a0<\/h5><h4>ARTICLE 3: THE PARTIES THAT PERSONAL DATA MAY BE TRANSFERRED AND THE PURPOSE OF TRANSFER<\/h4><h5><strong>\u00a0<\/strong><\/h5><h5>Planning the activities required to customize the products and services offered by the Company according to the tastes, usage habits and needs of the persons concerned, and to recommend and promote the personal data of the customers, within the framework of the personal data processing conditions and purposes specified in Articles 8 and 9 of the Law, the execution of the necessary work by the business units to benefit the persons concerned from the products and services offered by the Company and the execution of the relevant business processes, the necessary work by the relevant business units for the realization of the commercial activities carried out by the Company and the execution of the related business processes, \/ or the company&#8217;s business partners and suppliers, as well as legally authorized institutions and organizations, for the purposes of planning and executing business strategies and ensuring the legal, technical and commercial-occupational safety of the Company and the persons involved in business relations with the Company. It can be shared with legally authorized private law legal entities.<\/h5><h5>\u00a0<\/h5><h4>ARTICLE 4: PERSONAL DATA COLLECTION METHODS AND LEGAL REASONS<\/h4><h6><strong>\u00a0<\/strong><\/h6><h6>Personal data; Information and request forms on the website, mobile application and social media are collected through electronic media such as applications downloaded to smartphones or in physical environments. The legal reasons for the collection and processing of personal data are as follows:<\/h6><ul><li><h6>Learning whether personal data is processed<\/h6><\/li><li><h6>Requesting information on personal data if it has been processed<\/h6><\/li><li><h6>Learning the purpose of processing personal data and whether they are used in accordance with the purpose<\/h6><\/li><li><h6>Knowing the third parties to whom personal data is transferred at home or abroad<\/h6><\/li><li><h6>Requesting correction of personal data if it is incomplete or incorrectly processed<\/h6><\/li><li><h6>Request deletion or destruction of personal data<\/h6><\/li><li><h6>Requesting notification of the transactions made pursuant to subparagraphs (e) and (f) to third parties to whom personal data has been transferred<\/h6><\/li><li><h6>Objecting to the emergence of a result against the person himself by analyzing the processed data exclusively through automated systems<\/h6><\/li><li><h6>Requesting the compensation of the damage in case of loss due to unlawful processing of personal data<\/h6><\/li><\/ul><h6>\u00a0<\/h6><h6>Best regards;<\/h6><h6>Politeks artificial leather<\/h6>\t\t\t\t\t\t<\/div>\n\t\t\t\t<\/div>\n\t\t\t\t\t<\/div>\n\t\t<\/div>\n\t\t\t\t\t\t\t<\/div>\n\t\t<\/section>\n\t\t\t\t\t\t<\/div>\n\t\t\t\t\t<\/div>\n\t\t","protected":false},"excerpt":{"rendered":"<p>Politeks Artificial Leather LIGHTING TEXT\u00a0As a \u201cCompany\u201d, we present the disclosure text, which we have prepared in accordance with Article 10 of the Law on the Protection of Personal Data No. 6698 \u201cLaw\u201d and which contains information about the personal data processing activities of the company, to the public and relevant persons;Article 1: DATA RESPONSIBLE\u00a0Your [&hellip;]<\/p>\n","protected":false},"author":2,"featured_media":0,"parent":0,"menu_order":0,"comment_status":"closed","ping_status":"closed","template":"page-templates\/home.php","meta":[],"_links":{"self":[{"href":"https:\/\/politekssunideri.com.tr\/en\/wp-json\/wp\/v2\/pages\/976"}],"collection":[{"href":"https:\/\/politekssunideri.com.tr\/en\/wp-json\/wp\/v2\/pages"}],"about":[{"href":"https:\/\/politekssunideri.com.tr\/en\/wp-json\/wp\/v2\/types\/page"}],"author":[{"embeddable":true,"href":"https:\/\/politekssunideri.com.tr\/en\/wp-json\/wp\/v2\/users\/2"}],"replies":[{"embeddable":true,"href":"https:\/\/politekssunideri.com.tr\/en\/wp-json\/wp\/v2\/comments?post=976"}],"version-history":[{"count":17,"href":"https:\/\/politekssunideri.com.tr\/en\/wp-json\/wp\/v2\/pages\/976\/revisions"}],"predecessor-version":[{"id":1303,"href":"https:\/\/politekssunideri.com.tr\/en\/wp-json\/wp\/v2\/pages\/976\/revisions\/1303"}],"wp:attachment":[{"href":"https:\/\/politekssunideri.com.tr\/en\/wp-json\/wp\/v2\/media?parent=976"}],"curies":[{"name":"wp","href":"https:\/\/api.w.org\/{rel}","templated":true}]}}