{"id":1042,"date":"2021-06-08T15:43:57","date_gmt":"2021-06-08T12:43:57","guid":{"rendered":"https:\/\/politekssunideri.com.tr\/arb\/arb\/?page_id=1042"},"modified":"2021-07-13T16:01:05","modified_gmt":"2021-07-13T13:01:05","slug":"%d8%b9%d9%84%d8%a7%d9%85%d8%a7%d8%aa%d9%86%d8%a7-%d8%a7%d9%84%d8%aa%d8%ac%d8%a7%d8%b1%d9%8a%d8%a9","status":"publish","type":"page","link":"https:\/\/politekssunideri.com.tr\/arb\/%d8%b9%d9%84%d8%a7%d9%85%d8%a7%d8%aa%d9%86%d8%a7-%d8%a7%d9%84%d8%aa%d8%ac%d8%a7%d8%b1%d9%8a%d8%a9\/","title":{"rendered":"\u0639\u0644\u0627\u0645\u0627\u062a\u0646\u0627 \u0627\u0644\u062a\u062c\u0627\u0631\u064a\u0629"},"content":{"rendered":"\t\t<div data-elementor-type=\"wp-page\" data-elementor-id=\"1042\" class=\"elementor elementor-1042\" data-elementor-settings=\"[]\">\n\t\t\t\t\t\t\t<div class=\"elementor-section-wrap\">\n\t\t\t\t\t\t\t<section class=\"elementor-section elementor-top-section elementor-element elementor-element-76d536c elementor-section-boxed elementor-section-height-default elementor-section-height-default\" data-id=\"76d536c\" data-element_type=\"section\">\n\t\t\t\t\t\t<div class=\"elementor-container elementor-column-gap-default\">\n\t\t\t\t\t<div class=\"elementor-column elementor-col-33 elementor-top-column elementor-element elementor-element-5a6f423\" data-id=\"5a6f423\" data-element_type=\"column\">\n\t\t\t<div class=\"elementor-widget-wrap elementor-element-populated\">\n\t\t\t\t\t\t\t\t<div class=\"elementor-element elementor-element-45f5b1e elementor-position-top elementor-vertical-align-top elementor-widget elementor-widget-image-box\" data-id=\"45f5b1e\" data-element_type=\"widget\" data-widget_type=\"image-box.default\">\n\t\t\t\t<div class=\"elementor-widget-container\">\n\t\t\t<div class=\"elementor-image-box-wrapper\"><figure class=\"elementor-image-box-img\"><img width=\"900\" height=\"900\" src=\"https:\/\/politekssunideri.com.tr\/arb\/wp-content\/uploads\/2021\/06\/hakkimizfabrika1111.png\" class=\"attachment-large size-large\" alt=\"\" decoding=\"async\" loading=\"lazy\" srcset=\"https:\/\/politekssunideri.com.tr\/arb\/wp-content\/uploads\/2021\/06\/hakkimizfabrika1111.png 1024w, https:\/\/politekssunideri.com.tr\/arb\/wp-content\/uploads\/2021\/06\/hakkimizfabrika1111-300x300.png 300w, https:\/\/politekssunideri.com.tr\/arb\/wp-content\/uploads\/2021\/06\/hakkimizfabrika1111-150x150.png 150w, https:\/\/politekssunideri.com.tr\/arb\/wp-content\/uploads\/2021\/06\/hakkimizfabrika1111-768x768.png 768w\" sizes=\"(max-width: 900px) 100vw, 900px\" \/><\/figure><div class=\"elementor-image-box-content\"><h3 class=\"elementor-image-box-title\">Politeks Suni Deri Tekstil San.Tic.Ltd.\u015eti<\/h3><p class=\"elementor-image-box-description\">Osmaniye OSB Fuat Tosyal\u0131 Cad. No:18 Toprakkale-Osmaniye\/T\u00dcRK\u0130YE<br>\n+90 328 826 82 17<\/p><\/div><\/div>\t\t<\/div>\n\t\t\t\t<\/div>\n\t\t\t\t\t<\/div>\n\t\t<\/div>\n\t\t\t\t<div class=\"elementor-column elementor-col-33 elementor-top-column elementor-element elementor-element-784b7ca\" data-id=\"784b7ca\" data-element_type=\"column\">\n\t\t\t<div class=\"elementor-widget-wrap elementor-element-populated\">\n\t\t\t\t\t\t\t\t<div class=\"elementor-element elementor-element-7c69e5a elementor-position-top elementor-vertical-align-top elementor-widget elementor-widget-image-box\" data-id=\"7c69e5a\" data-element_type=\"widget\" data-widget_type=\"image-box.default\">\n\t\t\t\t<div class=\"elementor-widget-container\">\n\t\t\t<div class=\"elementor-image-box-wrapper\"><figure class=\"elementor-image-box-img\"><img width=\"900\" height=\"900\" src=\"https:\/\/politekssunideri.com.tr\/arb\/wp-content\/uploads\/2021\/06\/veepoli.png\" class=\"attachment-large size-large\" alt=\"\" decoding=\"async\" loading=\"lazy\" srcset=\"https:\/\/politekssunideri.com.tr\/arb\/wp-content\/uploads\/2021\/06\/veepoli.png 1024w, https:\/\/politekssunideri.com.tr\/arb\/wp-content\/uploads\/2021\/06\/veepoli-300x300.png 300w, https:\/\/politekssunideri.com.tr\/arb\/wp-content\/uploads\/2021\/06\/veepoli-150x150.png 150w, https:\/\/politekssunideri.com.tr\/arb\/wp-content\/uploads\/2021\/06\/veepoli-768x768.png 768w\" sizes=\"(max-width: 900px) 100vw, 900px\" \/><\/figure><div class=\"elementor-image-box-content\"><h3 class=\"elementor-image-box-title\">Vepoli Tekstil Plastik San.Tic.Ltd.\u015eti<\/h3><p class=\"elementor-image-box-description\">Kadirli OSB Yusuf \u0130zzettin K\u00f6y\u00fc 2.Cad,2.Etap No:1 Kadirli-Osmaniye\/T\u00dcRK\u0130YE<br>\n+90 328 739 20 80<\/p><\/div><\/div>\t\t<\/div>\n\t\t\t\t<\/div>\n\t\t\t\t\t<\/div>\n\t\t<\/div>\n\t\t\t\t<div class=\"elementor-column elementor-col-33 elementor-top-column elementor-element elementor-element-cb20d3d\" data-id=\"cb20d3d\" data-element_type=\"column\">\n\t\t\t<div class=\"elementor-widget-wrap elementor-element-populated\">\n\t\t\t\t\t\t\t\t<div class=\"elementor-element elementor-element-5862407 elementor-position-top elementor-vertical-align-top elementor-widget elementor-widget-image-box\" data-id=\"5862407\" data-element_type=\"widget\" data-widget_type=\"image-box.default\">\n\t\t\t\t<div class=\"elementor-widget-container\">\n\t\t\t<div class=\"elementor-image-box-wrapper\"><figure class=\"elementor-image-box-img\"><img width=\"900\" height=\"900\" src=\"https:\/\/politekssunideri.com.tr\/arb\/wp-content\/uploads\/2021\/06\/poliyet1111.png\" class=\"attachment-large size-large\" alt=\"\" decoding=\"async\" loading=\"lazy\" srcset=\"https:\/\/politekssunideri.com.tr\/arb\/wp-content\/uploads\/2021\/06\/poliyet1111.png 1024w, https:\/\/politekssunideri.com.tr\/arb\/wp-content\/uploads\/2021\/06\/poliyet1111-300x300.png 300w, https:\/\/politekssunideri.com.tr\/arb\/wp-content\/uploads\/2021\/06\/poliyet1111-150x150.png 150w, https:\/\/politekssunideri.com.tr\/arb\/wp-content\/uploads\/2021\/06\/poliyet1111-768x768.png 768w\" sizes=\"(max-width: 900px) 100vw, 900px\" \/><\/figure><div class=\"elementor-image-box-content\"><h3 class=\"elementor-image-box-title\">Poliyet Tekstil San Tic. ve Ltd \u015eti<\/h3><p class=\"elementor-image-box-description\">\u0130ki telli Osb Mah.Dersa Kop a Blok Sok A Blok Apt No:1 \/46 Trios Ba\u015fak\u015fehir\/\u0130stanbul<br>\n+90 212 671 10 35<\/p><\/div><\/div>\t\t<\/div>\n\t\t\t\t<\/div>\n\t\t\t\t\t<\/div>\n\t\t<\/div>\n\t\t\t\t\t\t\t<\/div>\n\t\t<\/section>\n\t\t\t\t\t\t<\/div>\n\t\t\t\t\t<\/div>\n\t\t","protected":false},"excerpt":{"rendered":"<p>Politeks Suni Deri Tekstil San.Tic.Ltd.\u015etiOsmaniye OSB Fuat Tosyal\u0131 Cad. No:18 Toprakkale-Osmaniye\/T\u00dcRK\u0130YE +90 328 826 82 17 Vepoli Tekstil Plastik San.Tic.Ltd.\u015etiKadirli OSB Yusuf \u0130zzettin K\u00f6y\u00fc 2.Cad,2.Etap No:1 Kadirli-Osmaniye\/T\u00dcRK\u0130YE +90 328 739 20 80 Poliyet Tekstil San Tic. ve Ltd \u015eti\u0130ki telli Osb Mah.Dersa Kop a Blok Sok A Blok Apt No:1 \/46 Trios Ba\u015fak\u015fehir\/\u0130stanbul +90 212 [&hellip;]<\/p>\n","protected":false},"author":2,"featured_media":0,"parent":0,"menu_order":0,"comment_status":"closed","ping_status":"closed","template":"page-templates\/home.php","meta":[],"_links":{"self":[{"href":"https:\/\/politekssunideri.com.tr\/arb\/wp-json\/wp\/v2\/pages\/1042"}],"collection":[{"href":"https:\/\/politekssunideri.com.tr\/arb\/wp-json\/wp\/v2\/pages"}],"about":[{"href":"https:\/\/politekssunideri.com.tr\/arb\/wp-json\/wp\/v2\/types\/page"}],"author":[{"embeddable":true,"href":"https:\/\/politekssunideri.com.tr\/arb\/wp-json\/wp\/v2\/users\/2"}],"replies":[{"embeddable":true,"href":"https:\/\/politekssunideri.com.tr\/arb\/wp-json\/wp\/v2\/comments?post=1042"}],"version-history":[{"count":71,"href":"https:\/\/politekssunideri.com.tr\/arb\/wp-json\/wp\/v2\/pages\/1042\/revisions"}],"predecessor-version":[{"id":1403,"href":"https:\/\/politekssunideri.com.tr\/arb\/wp-json\/wp\/v2\/pages\/1042\/revisions\/1403"}],"wp:attachment":[{"href":"https:\/\/politekssunideri.com.tr\/arb\/wp-json\/wp\/v2\/media?parent=1042"}],"curies":[{"name":"wp","href":"https:\/\/api.w.org\/{rel}","templated":true}]}}